{"id":143,"date":"2025-03-11T19:37:04","date_gmt":"2025-03-11T19:37:04","guid":{"rendered":"https:\/\/kaced.org\/?page_id=143"},"modified":"2025-03-11T21:30:47","modified_gmt":"2025-03-11T21:30:47","slug":"goruslerimiz","status":"publish","type":"page","link":"https:\/\/kaced.org\/?page_id=143","title":{"rendered":"G\u00d6R\u00dc\u015eLER\u0130M\u0130Z"},"content":{"rendered":"\n\n\n\n\n\n\n\n\n\n","protected":false},"excerpt":{"rendered":"","protected":false},"author":1,"featured_media":0,"parent":0,"menu_order":0,"comment_status":"closed","ping_status":"closed","template":"","meta":{"saved_in_kubio":true,"footnotes":""},"class_list":["post-143","page","type-page","status-publish","hentry"],"kubio_ai_page_context":{"short_desc":"","purpose":"general"},"_links":{"self":[{"href":"https:\/\/kaced.org\/index.php?rest_route=\/wp\/v2\/pages\/143","targetHints":{"allow":["GET"]}}],"collection":[{"href":"https:\/\/kaced.org\/index.php?rest_route=\/wp\/v2\/pages"}],"about":[{"href":"https:\/\/kaced.org\/index.php?rest_route=\/wp\/v2\/types\/page"}],"author":[{"embeddable":true,"href":"https:\/\/kaced.org\/index.php?rest_route=\/wp\/v2\/users\/1"}],"replies":[{"embeddable":true,"href":"https:\/\/kaced.org\/index.php?rest_route=%2Fwp%2Fv2%2Fcomments&post=143"}],"version-history":[{"count":2,"href":"https:\/\/kaced.org\/index.php?rest_route=\/wp\/v2\/pages\/143\/revisions"}],"predecessor-version":[{"id":235,"href":"https:\/\/kaced.org\/index.php?rest_route=\/wp\/v2\/pages\/143\/revisions\/235"}],"wp:attachment":[{"href":"https:\/\/kaced.org\/index.php?rest_route=%2Fwp%2Fv2%2Fmedia&parent=143"}],"curies":[{"name":"wp","href":"https:\/\/api.w.org\/{rel}","templated":true}]}}