{"id":158,"date":"2025-03-11T19:39:31","date_gmt":"2025-03-11T19:39:31","guid":{"rendered":"https:\/\/kaced.org\/?page_id=158"},"modified":"2025-03-11T21:45:27","modified_gmt":"2025-03-11T21:45:27","slug":"turizm-ve-cinsiyet-portali","status":"publish","type":"page","link":"https:\/\/kaced.org\/?page_id=158","title":{"rendered":"TUR\u0130ZM VE C\u0130NS\u0130YET PORTALI"},"content":{"rendered":"","protected":false},"excerpt":{"rendered":"","protected":false},"author":1,"featured_media":0,"parent":0,"menu_order":0,"comment_status":"closed","ping_status":"closed","template":"","meta":{"saved_in_kubio":true,"footnotes":""},"class_list":["post-158","page","type-page","status-publish","hentry"],"kubio_ai_page_context":{"short_desc":"","purpose":"general"},"_links":{"self":[{"href":"https:\/\/kaced.org\/index.php?rest_route=\/wp\/v2\/pages\/158","targetHints":{"allow":["GET"]}}],"collection":[{"href":"https:\/\/kaced.org\/index.php?rest_route=\/wp\/v2\/pages"}],"about":[{"href":"https:\/\/kaced.org\/index.php?rest_route=\/wp\/v2\/types\/page"}],"author":[{"embeddable":true,"href":"https:\/\/kaced.org\/index.php?rest_route=\/wp\/v2\/users\/1"}],"replies":[{"embeddable":true,"href":"https:\/\/kaced.org\/index.php?rest_route=%2Fwp%2Fv2%2Fcomments&post=158"}],"version-history":[{"count":2,"href":"https:\/\/kaced.org\/index.php?rest_route=\/wp\/v2\/pages\/158\/revisions"}],"predecessor-version":[{"id":258,"href":"https:\/\/kaced.org\/index.php?rest_route=\/wp\/v2\/pages\/158\/revisions\/258"}],"wp:attachment":[{"href":"https:\/\/kaced.org\/index.php?rest_route=%2Fwp%2Fv2%2Fmedia&parent=158"}],"curies":[{"name":"wp","href":"https:\/\/api.w.org\/{rel}","templated":true}]}}